{"id":277,"date":"2026-03-14T07:35:32","date_gmt":"2026-03-14T07:35:32","guid":{"rendered":"https:\/\/atenciondental.appexpres.cloud\/?page_id=277"},"modified":"2026-03-14T07:44:27","modified_gmt":"2026-03-14T07:44:27","slug":"noticias","status":"publish","type":"page","link":"https:\/\/atenciondental.appexpres.cloud\/?page_id=277","title":{"rendered":"Noticias"},"content":{"rendered":"\t\t<div data-elementor-type=\"wp-page\" data-elementor-id=\"277\" class=\"elementor elementor-277\" data-elementor-post-type=\"page\">\n\t\t\t\t<div class=\"elementor-element elementor-element-039902e e-flex e-con-boxed e-con e-parent\" data-id=\"039902e\" data-element_type=\"container\" data-e-type=\"container\" data-settings=\"{&quot;background_background&quot;:&quot;classic&quot;}\">\n\t\t\t\t\t<div class=\"e-con-inner\">\n\t\t<div class=\"elementor-element elementor-element-61f78d8 e-con-full e-flex e-con e-child\" data-id=\"61f78d8\" data-element_type=\"container\" data-e-type=\"container\">\n\t\t\t\t<div class=\"elementor-element elementor-element-cbda3b9 elementor-widget elementor-widget-heading\" data-id=\"cbda3b9\" data-element_type=\"widget\" data-e-type=\"widget\" data-widget_type=\"heading.default\">\n\t\t\t\t\t<h5 class=\"elementor-heading-title elementor-size-default\">Novedades<\/h5>\t\t\t\t<\/div>\n\t\t\t\t<div class=\"elementor-element elementor-element-b6396e5 elementor-widget elementor-widget-heading\" data-id=\"b6396e5\" data-element_type=\"widget\" data-e-type=\"widget\" data-widget_type=\"heading.default\">\n\t\t\t\t\t<h2 class=\"elementor-heading-title elementor-size-default\">\u00daltimas noticias sobre salud dental<\/h2>\t\t\t\t<\/div>\n\t\t\t\t<div class=\"elementor-element elementor-element-a392fc6 elementor-widget elementor-widget-text-editor\" data-id=\"a392fc6\" data-element_type=\"widget\" data-e-type=\"widget\" data-widget_type=\"text-editor.default\">\n\t\t\t\t\t\t\t\t\t<p>Mantente informado con nuestro blog y secci\u00f3n de noticias. Aqu\u00ed encontrar\u00e1s los \u00faltimos avances en tratamientos odontol\u00f3gicos, recomendaciones pr\u00e1cticas para mantener la higiene bucal de toda la familia y las novedades de nuestra cl\u00ednica. Nuestro equipo de expertos comparte informaci\u00f3n valiosa para que siempre luzcas una sonrisa sana y radiante.<\/p>\t\t\t\t\t\t\t\t<\/div>\n\t\t\t\t<\/div>\n\t\t\t\t\t<\/div>\n\t\t\t\t<\/div>\n\t\t<div class=\"elementor-element elementor-element-3f1b8fc e-flex e-con-boxed e-con e-parent\" data-id=\"3f1b8fc\" data-element_type=\"container\" data-e-type=\"container\">\n\t\t\t\t\t<div class=\"e-con-inner\">\n\t\t\t\t<div class=\"elementor-element elementor-element-64a0f96 elementor-widget elementor-widget-jet-listing-grid\" data-id=\"64a0f96\" data-element_type=\"widget\" data-e-type=\"widget\" data-settings=\"{&quot;columns&quot;:3}\" data-widget_type=\"jet-listing-grid.default\">\n\t\t\t\t<div class=\"elementor-widget-container\">\n\t\t\t\t\t<div class=\"jet-listing-grid jet-listing\"><div class=\"jet-listing-grid__items grid-col-desk-3 grid-col-tablet-3 grid-col-mobile-3 jet-listing-grid--269 jet-equal-columns__wrapper\" data-queried-id=\"277|WP_Post\" data-nav=\"{&quot;enabled&quot;:false,&quot;type&quot;:null,&quot;more_el&quot;:null,&quot;query&quot;:[],&quot;widget_settings&quot;:{&quot;lisitng_id&quot;:269,&quot;posts_num&quot;:9,&quot;columns&quot;:3,&quot;columns_tablet&quot;:3,&quot;columns_mobile&quot;:3,&quot;is_archive_template&quot;:&quot;&quot;,&quot;post_status&quot;:[&quot;publish&quot;],&quot;use_random_posts_num&quot;:&quot;&quot;,&quot;max_posts_num&quot;:9,&quot;not_found_message&quot;:&quot;No se encontro&quot;,&quot;is_masonry&quot;:false,&quot;equal_columns_height&quot;:&quot;yes&quot;,&quot;use_load_more&quot;:&quot;&quot;,&quot;load_more_id&quot;:&quot;&quot;,&quot;load_more_type&quot;:&quot;click&quot;,&quot;load_more_offset&quot;:{&quot;unit&quot;:&quot;px&quot;,&quot;size&quot;:0,&quot;sizes&quot;:[]},&quot;use_custom_post_types&quot;:&quot;&quot;,&quot;custom_post_types&quot;:[],&quot;hide_widget_if&quot;:&quot;&quot;,&quot;carousel_enabled&quot;:&quot;&quot;,&quot;slides_to_scroll&quot;:&quot;1&quot;,&quot;arrows&quot;:&quot;true&quot;,&quot;arrow_icon&quot;:&quot;fa fa-angle-left&quot;,&quot;dots&quot;:&quot;&quot;,&quot;autoplay&quot;:&quot;true&quot;,&quot;pause_on_hover&quot;:&quot;true&quot;,&quot;autoplay_speed&quot;:5000,&quot;infinite&quot;:&quot;true&quot;,&quot;center_mode&quot;:&quot;&quot;,&quot;effect&quot;:&quot;slide&quot;,&quot;speed&quot;:500,&quot;inject_alternative_items&quot;:&quot;&quot;,&quot;injection_items&quot;:[],&quot;scroll_slider_enabled&quot;:&quot;&quot;,&quot;scroll_slider_on&quot;:[&quot;desktop&quot;,&quot;tablet&quot;,&quot;mobile&quot;],&quot;custom_query&quot;:false,&quot;custom_query_id&quot;:&quot;&quot;,&quot;_element_id&quot;:&quot;&quot;}}\" data-page=\"1\" data-pages=\"1\" data-listing-source=\"posts\" data-listing-id=\"269\" data-query-id=\"\"><div class=\"jet-listing-grid__item jet-listing-dynamic-post-252 jet-equal-columns\" data-post-id=\"252\" ><div class=\"jet-engine-listing-overlay-wrap\" data-url=\"https:\/\/www.lne.es\/salud\/2025\/06\/25\/ignacio-martinez-estomatologo-higiene-dental-119048304.html?utm_source=whatsapp&amp;utm_medium=social&amp;utm_campaign=btn-share\" data-target=\"_blank\">\t\t<div data-elementor-type=\"jet-listing-items\" data-elementor-id=\"269\" class=\"elementor elementor-269\" data-elementor-post-type=\"jet-engine\">\n\t\t\t\t<div class=\"elementor-element elementor-element-b52688e e-con-full e-flex e-con e-child\" data-id=\"b52688e\" data-element_type=\"container\" data-e-type=\"container\" data-settings=\"{&quot;background_background&quot;:&quot;classic&quot;}\">\n\t\t\t\t<div class=\"elementor-element elementor-element-d078a1f elementor-widget elementor-widget-image\" data-id=\"d078a1f\" data-element_type=\"widget\" data-e-type=\"widget\" data-widget_type=\"image.default\">\n\t\t\t\t\t\t\t\t\t\t\t\t\t\t\t<img fetchpriority=\"high\" decoding=\"async\" width=\"400\" height=\"300\" src=\"https:\/\/atenciondental.appexpres.cloud\/wp-content\/uploads\/2026\/03\/image-4-400x300.webp\" class=\"attachment-thumbnail size-thumbnail wp-image-286\" alt=\"\" \/>\t\t\t\t\t\t\t\t\t\t\t\t\t\t\t<\/div>\n\t\t<div class=\"elementor-element elementor-element-8cae096 e-con-full e-flex e-con e-child\" data-id=\"8cae096\" data-element_type=\"container\" data-e-type=\"container\">\n\t\t\t\t<div class=\"elementor-element elementor-element-96a1e4a elementor-widget elementor-widget-heading\" data-id=\"96a1e4a\" data-element_type=\"widget\" data-e-type=\"widget\" data-widget_type=\"heading.default\">\n\t\t\t\t\t<h2 class=\"elementor-heading-title elementor-size-default\">La higiene dental es m\u00e1s importante durante el embarazo<\/h2>\t\t\t\t<\/div>\n\t\t\t\t<div class=\"elementor-element elementor-element-11b008d elementor-widget elementor-widget-jet-listing-dynamic-field\" data-id=\"11b008d\" data-element_type=\"widget\" data-e-type=\"widget\" data-widget_type=\"jet-listing-dynamic-field.default\">\n\t\t\t\t<div class=\"elementor-widget-container\">\n\t\t\t\t\t<div class=\"jet-listing jet-listing-dynamic-field display-inline\"><div class=\"jet-listing-dynamic-field__inline-wrap\"><div class=\"jet-listing-dynamic-field__content\">25-06-2025<\/div><\/div><\/div>\t\t\t\t<\/div>\n\t\t\t\t<\/div>\n\t\t\t\t<\/div>\n\t\t\t\t<\/div>\n\t\t\t\t<\/div>\n\t\t<a href=\"https:\/\/www.lne.es\/salud\/2025\/06\/25\/ignacio-martinez-estomatologo-higiene-dental-119048304.html?utm_source=whatsapp&amp;utm_medium=social&amp;utm_campaign=btn-share\" class=\"jet-engine-listing-overlay-link\" target=\"_blank\"><\/a><\/div><\/div><div class=\"jet-listing-grid__item jet-listing-dynamic-post-254 jet-equal-columns\" data-post-id=\"254\" ><div class=\"jet-engine-listing-overlay-wrap\" data-url=\"https:\/\/www.atenciondental.com\/pdf\/noticias-2022-12-29-Martinez-Esteban-premiado-por-labor-Congo.pdf\" data-target=\"_blank\">\t\t<div data-elementor-type=\"jet-listing-items\" data-elementor-id=\"269\" class=\"elementor elementor-269\" data-elementor-post-type=\"jet-engine\">\n\t\t\t\t<div class=\"elementor-element elementor-element-b52688e e-con-full e-flex e-con e-child\" data-id=\"b52688e\" data-element_type=\"container\" data-e-type=\"container\" data-settings=\"{&quot;background_background&quot;:&quot;classic&quot;}\">\n\t\t\t\t<div class=\"elementor-element elementor-element-d078a1f elementor-widget elementor-widget-image\" data-id=\"d078a1f\" data-element_type=\"widget\" data-e-type=\"widget\" data-widget_type=\"image.default\">\n\t\t\t\t\t\t\t\t\t\t\t\t\t\t\t<img decoding=\"async\" width=\"400\" height=\"300\" src=\"https:\/\/atenciondental.appexpres.cloud\/wp-content\/uploads\/2026\/03\/image-1-400x300.webp\" class=\"attachment-thumbnail size-thumbnail wp-image-258\" alt=\"\" \/>\t\t\t\t\t\t\t\t\t\t\t\t\t\t\t<\/div>\n\t\t<div class=\"elementor-element elementor-element-8cae096 e-con-full e-flex e-con e-child\" data-id=\"8cae096\" data-element_type=\"container\" data-e-type=\"container\">\n\t\t\t\t<div class=\"elementor-element elementor-element-96a1e4a elementor-widget elementor-widget-heading\" data-id=\"96a1e4a\" data-element_type=\"widget\" data-e-type=\"widget\" data-widget_type=\"heading.default\">\n\t\t\t\t\t<h2 class=\"elementor-heading-title elementor-size-default\">Premio por labor filantr\u00f3pica en el Congo<\/h2>\t\t\t\t<\/div>\n\t\t\t\t<div class=\"elementor-element elementor-element-11b008d elementor-widget elementor-widget-jet-listing-dynamic-field\" data-id=\"11b008d\" data-element_type=\"widget\" data-e-type=\"widget\" data-widget_type=\"jet-listing-dynamic-field.default\">\n\t\t\t\t<div class=\"elementor-widget-container\">\n\t\t\t\t\t<div class=\"jet-listing jet-listing-dynamic-field display-inline\"><div class=\"jet-listing-dynamic-field__inline-wrap\"><div class=\"jet-listing-dynamic-field__content\">29-12-2022<\/div><\/div><\/div>\t\t\t\t<\/div>\n\t\t\t\t<\/div>\n\t\t\t\t<\/div>\n\t\t\t\t<\/div>\n\t\t\t\t<\/div>\n\t\t<a href=\"https:\/\/www.atenciondental.com\/pdf\/noticias-2022-12-29-Martinez-Esteban-premiado-por-labor-Congo.pdf\" class=\"jet-engine-listing-overlay-link\" target=\"_blank\"><\/a><\/div><\/div><div class=\"jet-listing-grid__item jet-listing-dynamic-post-256 jet-equal-columns\" data-post-id=\"256\" ><div class=\"jet-engine-listing-overlay-wrap\" data-url=\"https:\/\/www.atenciondental.com\/pdf\/noticias-2022-09-24-Solidaridad-de-boca-a-boca-hasta-Africa.pdf\" data-target=\"_blank\">\t\t<div data-elementor-type=\"jet-listing-items\" data-elementor-id=\"269\" class=\"elementor elementor-269\" data-elementor-post-type=\"jet-engine\">\n\t\t\t\t<div class=\"elementor-element elementor-element-b52688e e-con-full e-flex e-con e-child\" data-id=\"b52688e\" data-element_type=\"container\" data-e-type=\"container\" data-settings=\"{&quot;background_background&quot;:&quot;classic&quot;}\">\n\t\t\t\t<div class=\"elementor-element elementor-element-d078a1f elementor-widget elementor-widget-image\" data-id=\"d078a1f\" data-element_type=\"widget\" data-e-type=\"widget\" data-widget_type=\"image.default\">\n\t\t\t\t\t\t\t\t\t\t\t\t\t\t\t<img decoding=\"async\" width=\"400\" height=\"300\" src=\"https:\/\/atenciondental.appexpres.cloud\/wp-content\/uploads\/2026\/03\/image-400x300.webp\" class=\"attachment-thumbnail size-thumbnail wp-image-257\" alt=\"\" \/>\t\t\t\t\t\t\t\t\t\t\t\t\t\t\t<\/div>\n\t\t<div class=\"elementor-element elementor-element-8cae096 e-con-full e-flex e-con e-child\" data-id=\"8cae096\" data-element_type=\"container\" data-e-type=\"container\">\n\t\t\t\t<div class=\"elementor-element elementor-element-96a1e4a elementor-widget elementor-widget-heading\" data-id=\"96a1e4a\" data-element_type=\"widget\" data-e-type=\"widget\" data-widget_type=\"heading.default\">\n\t\t\t\t\t<h2 class=\"elementor-heading-title elementor-size-default\">Solidaridad con el Congo<\/h2>\t\t\t\t<\/div>\n\t\t\t\t<div class=\"elementor-element elementor-element-11b008d elementor-widget elementor-widget-jet-listing-dynamic-field\" data-id=\"11b008d\" data-element_type=\"widget\" data-e-type=\"widget\" data-widget_type=\"jet-listing-dynamic-field.default\">\n\t\t\t\t<div class=\"elementor-widget-container\">\n\t\t\t\t\t<div class=\"jet-listing jet-listing-dynamic-field display-inline\"><div class=\"jet-listing-dynamic-field__inline-wrap\"><div class=\"jet-listing-dynamic-field__content\">24-09-2022<\/div><\/div><\/div>\t\t\t\t<\/div>\n\t\t\t\t<\/div>\n\t\t\t\t<\/div>\n\t\t\t\t<\/div>\n\t\t\t\t<\/div>\n\t\t<a href=\"https:\/\/www.atenciondental.com\/pdf\/noticias-2022-09-24-Solidaridad-de-boca-a-boca-hasta-Africa.pdf\" class=\"jet-engine-listing-overlay-link\" target=\"_blank\"><\/a><\/div><\/div><div class=\"jet-listing-grid__item jet-listing-dynamic-post-259 jet-equal-columns\" data-post-id=\"259\" ><div class=\"jet-engine-listing-overlay-wrap\" data-url=\"https:\/\/www.atenciondental.com\/pdf\/congreso-kinshasa-2019-08-22.pdf\" data-target=\"_blank\">\t\t<div data-elementor-type=\"jet-listing-items\" data-elementor-id=\"269\" class=\"elementor elementor-269\" data-elementor-post-type=\"jet-engine\">\n\t\t\t\t<div class=\"elementor-element elementor-element-b52688e e-con-full e-flex e-con e-child\" data-id=\"b52688e\" data-element_type=\"container\" data-e-type=\"container\" data-settings=\"{&quot;background_background&quot;:&quot;classic&quot;}\">\n\t\t\t\t<div class=\"elementor-element elementor-element-d078a1f elementor-widget elementor-widget-image\" data-id=\"d078a1f\" data-element_type=\"widget\" data-e-type=\"widget\" data-widget_type=\"image.default\">\n\t\t\t\t\t\t\t\t\t\t\t\t\t\t\t<img loading=\"lazy\" decoding=\"async\" width=\"400\" height=\"300\" src=\"https:\/\/atenciondental.appexpres.cloud\/wp-content\/uploads\/2026\/03\/image-2-400x300.webp\" class=\"attachment-thumbnail size-thumbnail wp-image-260\" alt=\"\" \/>\t\t\t\t\t\t\t\t\t\t\t\t\t\t\t<\/div>\n\t\t<div class=\"elementor-element elementor-element-8cae096 e-con-full e-flex e-con e-child\" data-id=\"8cae096\" data-element_type=\"container\" data-e-type=\"container\">\n\t\t\t\t<div class=\"elementor-element elementor-element-96a1e4a elementor-widget elementor-widget-heading\" data-id=\"96a1e4a\" data-element_type=\"widget\" data-e-type=\"widget\" data-widget_type=\"heading.default\">\n\t\t\t\t\t<h2 class=\"elementor-heading-title elementor-size-default\">Congreso en Kinshasa, con la participaci\u00f3n del Doctor Ignacio Mart\u00ednez Esteban<\/h2>\t\t\t\t<\/div>\n\t\t\t\t<div class=\"elementor-element elementor-element-11b008d elementor-widget elementor-widget-jet-listing-dynamic-field\" data-id=\"11b008d\" data-element_type=\"widget\" data-e-type=\"widget\" data-widget_type=\"jet-listing-dynamic-field.default\">\n\t\t\t\t<div class=\"elementor-widget-container\">\n\t\t\t\t\t<div class=\"jet-listing jet-listing-dynamic-field display-inline\"><div class=\"jet-listing-dynamic-field__inline-wrap\"><div class=\"jet-listing-dynamic-field__content\">22-08-2019<\/div><\/div><\/div>\t\t\t\t<\/div>\n\t\t\t\t<\/div>\n\t\t\t\t<\/div>\n\t\t\t\t<\/div>\n\t\t\t\t<\/div>\n\t\t<a href=\"https:\/\/www.atenciondental.com\/pdf\/congreso-kinshasa-2019-08-22.pdf\" class=\"jet-engine-listing-overlay-link\" target=\"_blank\"><\/a><\/div><\/div><div class=\"jet-listing-grid__item jet-listing-dynamic-post-261 jet-equal-columns\" data-post-id=\"261\" ><div class=\"jet-engine-listing-overlay-wrap\" data-url=\"https:\/\/www.lne.es\/aviles\/2016\/05\/27\/hay-cuidar-boca-flor-dice\/1933290.html\" data-target=\"_blank\">\t\t<div data-elementor-type=\"jet-listing-items\" data-elementor-id=\"269\" class=\"elementor elementor-269\" data-elementor-post-type=\"jet-engine\">\n\t\t\t\t<div class=\"elementor-element elementor-element-b52688e e-con-full e-flex e-con e-child\" data-id=\"b52688e\" data-element_type=\"container\" data-e-type=\"container\" data-settings=\"{&quot;background_background&quot;:&quot;classic&quot;}\">\n\t\t\t\t<div class=\"elementor-element elementor-element-d078a1f elementor-widget elementor-widget-image\" data-id=\"d078a1f\" data-element_type=\"widget\" data-e-type=\"widget\" data-widget_type=\"image.default\">\n\t\t\t\t\t\t\t\t\t\t\t\t\t\t\t<img loading=\"lazy\" decoding=\"async\" width=\"400\" height=\"300\" src=\"https:\/\/atenciondental.appexpres.cloud\/wp-content\/uploads\/2026\/03\/439d69c9-383f-4199-9597-e2a6973ca763_16-9-aspect-ratio_default_0-400x300.webp\" class=\"attachment-thumbnail size-thumbnail wp-image-262\" alt=\"\" \/>\t\t\t\t\t\t\t\t\t\t\t\t\t\t\t<\/div>\n\t\t<div class=\"elementor-element elementor-element-8cae096 e-con-full e-flex e-con e-child\" data-id=\"8cae096\" data-element_type=\"container\" data-e-type=\"container\">\n\t\t\t\t<div class=\"elementor-element elementor-element-96a1e4a elementor-widget elementor-widget-heading\" data-id=\"96a1e4a\" data-element_type=\"widget\" data-e-type=\"widget\" data-widget_type=\"heading.default\">\n\t\t\t\t\t<h2 class=\"elementor-heading-title elementor-size-default\">Hay que cuidar la boca como a una flor<\/h2>\t\t\t\t<\/div>\n\t\t\t\t<div class=\"elementor-element elementor-element-11b008d elementor-widget elementor-widget-jet-listing-dynamic-field\" data-id=\"11b008d\" data-element_type=\"widget\" data-e-type=\"widget\" data-widget_type=\"jet-listing-dynamic-field.default\">\n\t\t\t\t<div class=\"elementor-widget-container\">\n\t\t\t\t\t<div class=\"jet-listing jet-listing-dynamic-field display-inline\"><div class=\"jet-listing-dynamic-field__inline-wrap\"><div class=\"jet-listing-dynamic-field__content\">27-05-2016<\/div><\/div><\/div>\t\t\t\t<\/div>\n\t\t\t\t<\/div>\n\t\t\t\t<\/div>\n\t\t\t\t<\/div>\n\t\t\t\t<\/div>\n\t\t<a href=\"https:\/\/www.lne.es\/aviles\/2016\/05\/27\/hay-cuidar-boca-flor-dice\/1933290.html\" class=\"jet-engine-listing-overlay-link\" target=\"_blank\"><\/a><\/div><\/div><div class=\"jet-listing-grid__item jet-listing-dynamic-post-263 jet-equal-columns\" data-post-id=\"263\" ><div class=\"jet-engine-listing-overlay-wrap\" data-url=\"https:\/\/www.lne.es\/aviles\/2012\/12\/10\/crisis-manifiesta-apretando-dientes-desgastan-fracturan\/1338870.html\" data-target=\"_blank\">\t\t<div data-elementor-type=\"jet-listing-items\" data-elementor-id=\"269\" class=\"elementor elementor-269\" data-elementor-post-type=\"jet-engine\">\n\t\t\t\t<div class=\"elementor-element elementor-element-b52688e e-con-full e-flex e-con e-child\" data-id=\"b52688e\" data-element_type=\"container\" data-e-type=\"container\" data-settings=\"{&quot;background_background&quot;:&quot;classic&quot;}\">\n\t\t\t\t<div class=\"elementor-element elementor-element-d078a1f elementor-widget elementor-widget-image\" data-id=\"d078a1f\" data-element_type=\"widget\" data-e-type=\"widget\" data-widget_type=\"image.default\">\n\t\t\t\t\t\t\t\t\t\t\t\t\t\t\t<img loading=\"lazy\" decoding=\"async\" width=\"400\" height=\"300\" src=\"https:\/\/atenciondental.appexpres.cloud\/wp-content\/uploads\/2026\/03\/7d2cea99-5b4a-483c-827d-00383087a75e_16-9-aspect-ratio_default_0-400x300.webp\" class=\"attachment-thumbnail size-thumbnail wp-image-264\" alt=\"\" \/>\t\t\t\t\t\t\t\t\t\t\t\t\t\t\t<\/div>\n\t\t<div class=\"elementor-element elementor-element-8cae096 e-con-full e-flex e-con e-child\" data-id=\"8cae096\" data-element_type=\"container\" data-e-type=\"container\">\n\t\t\t\t<div class=\"elementor-element elementor-element-96a1e4a elementor-widget elementor-widget-heading\" data-id=\"96a1e4a\" data-element_type=\"widget\" data-e-type=\"widget\" data-widget_type=\"heading.default\">\n\t\t\t\t\t<h2 class=\"elementor-heading-title elementor-size-default\">La crisis tambi\u00e9n se manifiesta apretando los dientes, que se desgastan y fracturan<\/h2>\t\t\t\t<\/div>\n\t\t\t\t<div class=\"elementor-element elementor-element-11b008d elementor-widget elementor-widget-jet-listing-dynamic-field\" data-id=\"11b008d\" data-element_type=\"widget\" data-e-type=\"widget\" data-widget_type=\"jet-listing-dynamic-field.default\">\n\t\t\t\t<div class=\"elementor-widget-container\">\n\t\t\t\t\t<div class=\"jet-listing jet-listing-dynamic-field display-inline\"><div class=\"jet-listing-dynamic-field__inline-wrap\"><div class=\"jet-listing-dynamic-field__content\">10-12-2012<\/div><\/div><\/div>\t\t\t\t<\/div>\n\t\t\t\t<\/div>\n\t\t\t\t<\/div>\n\t\t\t\t<\/div>\n\t\t\t\t<\/div>\n\t\t<a href=\"https:\/\/www.lne.es\/aviles\/2012\/12\/10\/crisis-manifiesta-apretando-dientes-desgastan-fracturan\/1338870.html\" class=\"jet-engine-listing-overlay-link\" target=\"_blank\"><\/a><\/div><\/div><div class=\"jet-listing-grid__item jet-listing-dynamic-post-265 jet-equal-columns\" data-post-id=\"265\" ><div class=\"jet-engine-listing-overlay-wrap\" data-url=\"https:\/\/www.lne.es\/sociedad-cultura\/2011\/11\/15\/curso-solidario-dentistas-asturianos-financia-consultorio-dental-congo\/1156955.html\" data-target=\"_blank\">\t\t<div data-elementor-type=\"jet-listing-items\" data-elementor-id=\"269\" class=\"elementor elementor-269\" data-elementor-post-type=\"jet-engine\">\n\t\t\t\t<div class=\"elementor-element elementor-element-b52688e e-con-full e-flex e-con e-child\" data-id=\"b52688e\" data-element_type=\"container\" data-e-type=\"container\" data-settings=\"{&quot;background_background&quot;:&quot;classic&quot;}\">\n\t\t\t\t<div class=\"elementor-element elementor-element-d078a1f elementor-widget elementor-widget-image\" data-id=\"d078a1f\" data-element_type=\"widget\" data-e-type=\"widget\" data-widget_type=\"image.default\">\n\t\t\t\t\t\t\t\t\t\t\t\t\t\t\t<img loading=\"lazy\" decoding=\"async\" width=\"400\" height=\"300\" src=\"https:\/\/atenciondental.appexpres.cloud\/wp-content\/uploads\/2026\/03\/image-3-400x300.webp\" class=\"attachment-thumbnail size-thumbnail wp-image-266\" alt=\"\" \/>\t\t\t\t\t\t\t\t\t\t\t\t\t\t\t<\/div>\n\t\t<div class=\"elementor-element elementor-element-8cae096 e-con-full e-flex e-con e-child\" data-id=\"8cae096\" data-element_type=\"container\" data-e-type=\"container\">\n\t\t\t\t<div class=\"elementor-element elementor-element-96a1e4a elementor-widget elementor-widget-heading\" data-id=\"96a1e4a\" data-element_type=\"widget\" data-e-type=\"widget\" data-widget_type=\"heading.default\">\n\t\t\t\t\t<h2 class=\"elementor-heading-title elementor-size-default\">Un curso solidario de dentistas asturianos<\/h2>\t\t\t\t<\/div>\n\t\t\t\t<div class=\"elementor-element elementor-element-11b008d elementor-widget elementor-widget-jet-listing-dynamic-field\" data-id=\"11b008d\" data-element_type=\"widget\" data-e-type=\"widget\" data-widget_type=\"jet-listing-dynamic-field.default\">\n\t\t\t\t<div class=\"elementor-widget-container\">\n\t\t\t\t\t<div class=\"jet-listing jet-listing-dynamic-field display-inline\"><div class=\"jet-listing-dynamic-field__inline-wrap\"><div class=\"jet-listing-dynamic-field__content\">15-11-2011<\/div><\/div><\/div>\t\t\t\t<\/div>\n\t\t\t\t<\/div>\n\t\t\t\t<\/div>\n\t\t\t\t<\/div>\n\t\t\t\t<\/div>\n\t\t<a href=\"https:\/\/www.lne.es\/sociedad-cultura\/2011\/11\/15\/curso-solidario-dentistas-asturianos-financia-consultorio-dental-congo\/1156955.html\" class=\"jet-engine-listing-overlay-link\" target=\"_blank\"><\/a><\/div><\/div><div class=\"jet-listing-grid__item jet-listing-dynamic-post-267 jet-equal-columns\" data-post-id=\"267\" ><div class=\"jet-engine-listing-overlay-wrap\" data-url=\"https:\/\/www.lne.es\/aviles\/2008\/10\/09\/ignacio-martinez-dentista-bacterias-hay-21632330.html\" data-target=\"_blank\">\t\t<div data-elementor-type=\"jet-listing-items\" data-elementor-id=\"269\" class=\"elementor elementor-269\" data-elementor-post-type=\"jet-engine\">\n\t\t\t\t<div class=\"elementor-element elementor-element-b52688e e-con-full e-flex e-con e-child\" data-id=\"b52688e\" data-element_type=\"container\" data-e-type=\"container\" data-settings=\"{&quot;background_background&quot;:&quot;classic&quot;}\">\n\t\t\t\t<div class=\"elementor-element elementor-element-d078a1f elementor-widget elementor-widget-image\" data-id=\"d078a1f\" data-element_type=\"widget\" data-e-type=\"widget\" data-widget_type=\"image.default\">\n\t\t\t\t\t\t\t\t\t\t\t\t\t\t\t<img loading=\"lazy\" decoding=\"async\" width=\"400\" height=\"300\" src=\"https:\/\/atenciondental.appexpres.cloud\/wp-content\/uploads\/2026\/03\/ce6c38d2-8db5-4b0a-87c2-c28eee1004a6_9-16-aspect-ratio_default_0-400x300.webp\" class=\"attachment-thumbnail size-thumbnail wp-image-268\" alt=\"\" \/>\t\t\t\t\t\t\t\t\t\t\t\t\t\t\t<\/div>\n\t\t<div class=\"elementor-element elementor-element-8cae096 e-con-full e-flex e-con e-child\" data-id=\"8cae096\" data-element_type=\"container\" data-e-type=\"container\">\n\t\t\t\t<div class=\"elementor-element elementor-element-96a1e4a elementor-widget elementor-widget-heading\" data-id=\"96a1e4a\" data-element_type=\"widget\" data-e-type=\"widget\" data-widget_type=\"heading.default\">\n\t\t\t\t\t<h2 class=\"elementor-heading-title elementor-size-default\">Sin bacterias no hay caries, un buen cepillado es b\u00e1sico<\/h2>\t\t\t\t<\/div>\n\t\t\t\t<div class=\"elementor-element elementor-element-11b008d elementor-widget elementor-widget-jet-listing-dynamic-field\" data-id=\"11b008d\" data-element_type=\"widget\" data-e-type=\"widget\" data-widget_type=\"jet-listing-dynamic-field.default\">\n\t\t\t\t<div class=\"elementor-widget-container\">\n\t\t\t\t\t<div class=\"jet-listing jet-listing-dynamic-field display-inline\"><div class=\"jet-listing-dynamic-field__inline-wrap\"><div class=\"jet-listing-dynamic-field__content\">09-10-2008<\/div><\/div><\/div>\t\t\t\t<\/div>\n\t\t\t\t<\/div>\n\t\t\t\t<\/div>\n\t\t\t\t<\/div>\n\t\t\t\t<\/div>\n\t\t<a href=\"https:\/\/www.lne.es\/aviles\/2008\/10\/09\/ignacio-martinez-dentista-bacterias-hay-21632330.html\" class=\"jet-engine-listing-overlay-link\" target=\"_blank\"><\/a><\/div><\/div><\/div><\/div>\t\t\t\t<\/div>\n\t\t\t\t<\/div>\n\t\t\t\t\t<\/div>\n\t\t\t\t<\/div>\n\t\t\t\t<\/div>\n\t\t","protected":false},"excerpt":{"rendered":"<p>Novedades \u00daltimas noticias sobre salud dental Mantente informado con nuestro blog y secci\u00f3n de noticias. Aqu\u00ed encontrar\u00e1s los \u00faltimos avances en tratamientos odontol\u00f3gicos, recomendaciones pr\u00e1cticas para mantener la higiene bucal de toda la familia y las novedades de nuestra cl\u00ednica. Nuestro equipo de expertos comparte informaci\u00f3n valiosa para que siempre luzcas una sonrisa sana y [&hellip;]<\/p>\n","protected":false},"author":1,"featured_media":0,"parent":0,"menu_order":0,"comment_status":"closed","ping_status":"closed","template":"","meta":{"footnotes":""},"class_list":["post-277","page","type-page","status-publish","hentry"],"_links":{"self":[{"href":"https:\/\/atenciondental.appexpres.cloud\/index.php?rest_route=\/wp\/v2\/pages\/277","targetHints":{"allow":["GET"]}}],"collection":[{"href":"https:\/\/atenciondental.appexpres.cloud\/index.php?rest_route=\/wp\/v2\/pages"}],"about":[{"href":"https:\/\/atenciondental.appexpres.cloud\/index.php?rest_route=\/wp\/v2\/types\/page"}],"author":[{"embeddable":true,"href":"https:\/\/atenciondental.appexpres.cloud\/index.php?rest_route=\/wp\/v2\/users\/1"}],"replies":[{"embeddable":true,"href":"https:\/\/atenciondental.appexpres.cloud\/index.php?rest_route=%2Fwp%2Fv2%2Fcomments&post=277"}],"version-history":[{"count":10,"href":"https:\/\/atenciondental.appexpres.cloud\/index.php?rest_route=\/wp\/v2\/pages\/277\/revisions"}],"predecessor-version":[{"id":289,"href":"https:\/\/atenciondental.appexpres.cloud\/index.php?rest_route=\/wp\/v2\/pages\/277\/revisions\/289"}],"wp:attachment":[{"href":"https:\/\/atenciondental.appexpres.cloud\/index.php?rest_route=%2Fwp%2Fv2%2Fmedia&parent=277"}],"curies":[{"name":"wp","href":"https:\/\/api.w.org\/{rel}","templated":true}]}}